{"id":497,"date":"2024-01-11T13:59:18","date_gmt":"2024-01-11T13:59:18","guid":{"rendered":"https:\/\/pnfgroup.se\/warunki-i-prywatnosc\/"},"modified":"2024-03-14T15:20:49","modified_gmt":"2024-03-14T15:20:49","slug":"warunki-i-prywatnosc","status":"publish","type":"page","link":"https:\/\/pnfgroup.se\/pl\/warunki-i-prywatnosc\/","title":{"rendered":"Warunki i prywatno\u015b\u0107"},"content":{"rendered":"\t\t<div data-elementor-type=\"wp-page\" data-elementor-id=\"497\" class=\"elementor elementor-497 elementor-47\" data-elementor-post-type=\"page\">\n\t\t\t\t\t\t\t<div class=\"elementor-element elementor-element-01517bf e-flex e-con-boxed e-con e-parent\" data-id=\"01517bf\" data-element_type=\"container\" data-settings=\"{&quot;content_width&quot;:&quot;boxed&quot;}\" data-core-v316-plus=\"true\">\n\t\t\t\t\t<div class=\"e-con-inner\">\n\t\t\t\t\t<\/div>\n\t\t\t\t<\/div>\n\t\t<div class=\"elementor-element elementor-element-cc1f255 e-flex e-con-boxed e-con e-parent\" data-id=\"cc1f255\" data-element_type=\"container\" data-settings=\"{&quot;content_width&quot;:&quot;boxed&quot;}\" data-core-v316-plus=\"true\">\n\t\t\t\t\t<div class=\"e-con-inner\">\n\t\t\t\t<div class=\"elementor-element elementor-element-3f581ea elementor-widget elementor-widget-text-editor\" data-id=\"3f581ea\" data-element_type=\"widget\" data-widget_type=\"text-editor.default\">\n\t\t\t\t<div class=\"elementor-widget-container\">\n\t\t\t<style>\/*! elementor - v3.18.0 - 20-12-2023 *\/\n.elementor-widget-text-editor.elementor-drop-cap-view-stacked .elementor-drop-cap{background-color:#69727d;color:#fff}.elementor-widget-text-editor.elementor-drop-cap-view-framed .elementor-drop-cap{color:#69727d;border:3px solid;background-color:transparent}.elementor-widget-text-editor:not(.elementor-drop-cap-view-default) .elementor-drop-cap{margin-top:8px}.elementor-widget-text-editor:not(.elementor-drop-cap-view-default) .elementor-drop-cap-letter{width:1em;height:1em}.elementor-widget-text-editor .elementor-drop-cap{float:left;text-align:center;line-height:1;font-size:50px}.elementor-widget-text-editor .elementor-drop-cap-letter{display:inline-block}<\/style>\t\t\t\t<h1>PD-Design Warunki zakupu<\/h1>\n<p><strong>1. Og\u00f3lne<\/strong><br \/>1.1 Niniejsze warunki zakupu maj\u0105 zastosowanie do wszystkich zakup\u00f3w dokonanych na stronie internetowej www.pd-design.com (zwanej dalej &#8222;stron\u0105 internetow\u0105&#8221;) od daty zakupu.<\/p>\n<p>1.2 PD-Design zastrzega sobie prawo do zmiany niniejszych warunk\u00f3w zakupu bez wcze\u015bniejszego powiadomienia. Obowi\u0105zkiem klienta jest regularne sprawdzanie regulaminu pod k\u0105tem wszelkich zmian.<\/p>\n<p><strong>2) Zam\u00f3wienie i umowa<\/strong><br \/>2.1 Sk\u0142adaj\u0105c zam\u00f3wienie na stronie internetowej, klient potwierdza, \u017ce jest pe\u0142noletni i upowa\u017cniony do zawarcia umowy.<\/p>\n<p>2.2 Zam\u00f3wienie uznaje si\u0119 za wi\u0105\u017c\u0105c\u0105 umow\u0119 pomi\u0119dzy klientem a PD-Design z chwil\u0105 wys\u0142ania potwierdzenia zam\u00f3wienia na adres e-mail podany przez klienta.<\/p>\n<p><strong>3 Ceny i p\u0142atno\u015bci<\/strong><br \/>3.1 Wszystkie ceny na stronie internetowej podawane s\u0105 we wskazanej walucie. Ceny nie obejmuj\u0105 \u017cadnych op\u0142at za wysy\u0142k\u0119 ani op\u0142at celnych, kt\u00f3re s\u0105 naliczane osobno.<\/p>\n<p>3.2 P\u0142atno\u015bci mo\u017cna dokona\u0107 za pomoc\u0105 metod p\u0142atno\u015bci wymienionych na stronie internetowej. PD-Design zastrzega sobie prawo do odrzucenia niekt\u00f3rych metod p\u0142atno\u015bci.<\/p>\n<p><strong>4 Dostawa i wysy\u0142ka<\/strong><br \/>4.1 Czas dostawy mo\u017ce si\u0119 r\u00f3\u017cni\u0107 w zale\u017cno\u015bci od produktu i miejsca przeznaczenia. PD-Design dok\u0142ada wszelkich stara\u0144, aby dostarczy\u0107 zam\u00f3wienie tak szybko, jak to mo\u017cliwe, ale nie mo\u017ce zagwarantowa\u0107 dok\u0142adnego czasu dostawy.<\/p>\n<p>4.2 Koszty wysy\u0142ki s\u0105 dodatkowe i s\u0105 wyra\u017anie okre\u015blone przed potwierdzeniem zakupu przez klienta.<\/p>\n<p><strong>5 Anulowanie i zwroty<\/strong><br \/>5.1 Klient ma prawo do anulowania zakupu w ci\u0105gu 14 dni od otrzymania towaru. Prawo do odst\u0105pienia od umowy ma zastosowanie tylko wtedy, gdy towary zostan\u0105 zwr\u00f3cone w nieuszkodzonym stanie i w oryginalnym opakowaniu.<\/p>\n<p>5.2 Koszty przesy\u0142ki zwrotnej pokrywa klient, chyba \u017ce zwrot wynika z b\u0142\u0119du PD-Design.<\/p>\n<p><strong>6. reklamacje<\/strong><br \/>6.1 Wszelkie b\u0142\u0119dy lub wady w dostarczonych produktach nale\u017cy zg\u0142asza\u0107 PD-Design w rozs\u0105dnym terminie po wykryciu b\u0142\u0119du przez klienta.<\/p>\n<p>6.2 PD-Design zastrzega sobie prawo do wymiany lub zwrotu kwoty wadliwych towar\u00f3w wed\u0142ug w\u0142asnego uznania.<\/p>\n<p><strong>7. dane osobowe<\/strong><br \/>7.1 Dokonuj\u0105c zakupu, klient wyra\u017ca zgod\u0119 na przechowywanie i przetwarzanie przez PD-Design danych osobowych zgodnie z obowi\u0105zuj\u0105cymi przepisami o ochronie danych.<\/p>\n<p><strong>8. si\u0142a wy\u017csza<\/strong><br \/>8.1 PD-Design nie ponosi odpowiedzialno\u015bci za op\u00f3\u017anienia lub nieprawid\u0142owe dostawy spowodowane okoliczno\u015bciami pozostaj\u0105cymi poza jej kontrol\u0105, takimi jak wojna, kl\u0119ski \u017cywio\u0142owe, strajki lub inne podobne zdarzenia.<\/p>\n<p><strong>9. Prawo w\u0142a\u015bciwe<\/strong><br \/>9.1 Niniejsze warunki zakupu i wszystkie umowy pomi\u0119dzy klientem a PD-Design podlegaj\u0105 prawu szwedzkiemu.<\/p>\n<p>Dokonuj\u0105c zakupu na stronie internetowej, klient potwierdza, \u017ce przeczyta\u0142, zrozumia\u0142 i zaakceptowa\u0142 niniejsze warunki zakupu. W przypadku pyta\u0144 lub wyja\u015bnie\u0144 prosimy o kontakt z naszym dzia\u0142em obs\u0142ugi klienta.<\/p>\n\t\t\t\t\t\t<\/div>\n\t\t\t\t<\/div>\n\t\t\t\t\t<\/div>\n\t\t\t\t<\/div>\n\t\t\t\t\t\t\t<\/div>\n\t\t","protected":false},"excerpt":{"rendered":"<p>PD-Design Warunki zakupu 1. Og\u00f3lne1.1 Niniejsze warunki zakupu maj\u0105 zastosowanie do wszystkich zakup\u00f3w dokonanych na stronie internetowej www.pd-design.com (zwanej dalej &#8222;stron\u0105 internetow\u0105&#8221;) od daty zakupu. 1.2 PD-Design zastrzega sobie prawo do zmiany niniejszych warunk\u00f3w zakupu bez wcze\u015bniejszego powiadomienia. Obowi\u0105zkiem klienta jest regularne sprawdzanie regulaminu pod k\u0105tem wszelkich zmian. 2) Zam\u00f3wienie i umowa2.1 Sk\u0142adaj\u0105c zam\u00f3wienie na [&hellip;]<\/p>\n","protected":false},"author":1,"featured_media":0,"parent":0,"menu_order":0,"comment_status":"closed","ping_status":"closed","template":"elementor_header_footer","meta":{"footnotes":""},"class_list":["post-497","page","type-page","status-publish","hentry"],"yoast_head":"<!-- This site is optimized with the Yoast SEO plugin v21.8 - https:\/\/yoast.com\/wordpress\/plugins\/seo\/ -->\n<title>Warunki i prywatno\u015b\u0107 - PNF GROUP<\/title>\n<meta name=\"robots\" content=\"index, follow, max-snippet:-1, max-image-preview:large, max-video-preview:-1\" \/>\n<link rel=\"canonical\" href=\"https:\/\/pnfgroup.se\/pl\/warunki-i-prywatnosc\/\" \/>\n<meta property=\"og:locale\" content=\"pl_PL\" \/>\n<meta property=\"og:type\" content=\"article\" \/>\n<meta property=\"og:title\" content=\"Warunki i prywatno\u015b\u0107 - PNF GROUP\" \/>\n<meta property=\"og:description\" content=\"PD-Design Warunki zakupu 1. Og\u00f3lne1.1 Niniejsze warunki zakupu maj\u0105 zastosowanie do wszystkich zakup\u00f3w dokonanych na stronie internetowej www.pd-design.com (zwanej dalej &#8222;stron\u0105 internetow\u0105&#8221;) od daty zakupu. 1.2 PD-Design zastrzega sobie prawo do zmiany niniejszych warunk\u00f3w zakupu bez wcze\u015bniejszego powiadomienia. Obowi\u0105zkiem klienta jest regularne sprawdzanie regulaminu pod k\u0105tem wszelkich zmian. 2) Zam\u00f3wienie i umowa2.1 Sk\u0142adaj\u0105c zam\u00f3wienie na [&hellip;]\" \/>\n<meta property=\"og:url\" content=\"https:\/\/pnfgroup.se\/pl\/warunki-i-prywatnosc\/\" \/>\n<meta property=\"og:site_name\" content=\"PNF GROUP\" \/>\n<meta property=\"article:publisher\" content=\"https:\/\/www.facebook.com\/profile.php?id=61552417377433\" \/>\n<meta property=\"article:modified_time\" content=\"2024-03-14T15:20:49+00:00\" \/>\n<meta name=\"twitter:card\" content=\"summary_large_image\" \/>\n<meta name=\"twitter:label1\" content=\"Szacowany czas czytania\" \/>\n\t<meta name=\"twitter:data1\" content=\"2 minuty\" \/>\n<script type=\"application\/ld+json\" class=\"yoast-schema-graph\">{\"@context\":\"https:\/\/schema.org\",\"@graph\":[{\"@type\":\"WebPage\",\"@id\":\"https:\/\/pnfgroup.se\/pl\/warunki-i-prywatnosc\/\",\"url\":\"https:\/\/pnfgroup.se\/pl\/warunki-i-prywatnosc\/\",\"name\":\"Warunki i prywatno\u015b\u0107 - PNF GROUP\",\"isPartOf\":{\"@id\":\"https:\/\/pnfgroup.se\/pl\/#website\"},\"datePublished\":\"2024-01-11T13:59:18+00:00\",\"dateModified\":\"2024-03-14T15:20:49+00:00\",\"breadcrumb\":{\"@id\":\"https:\/\/pnfgroup.se\/pl\/warunki-i-prywatnosc\/#breadcrumb\"},\"inLanguage\":\"pl-PL\",\"potentialAction\":[{\"@type\":\"ReadAction\",\"target\":[\"https:\/\/pnfgroup.se\/pl\/warunki-i-prywatnosc\/\"]}]},{\"@type\":\"BreadcrumbList\",\"@id\":\"https:\/\/pnfgroup.se\/pl\/warunki-i-prywatnosc\/#breadcrumb\",\"itemListElement\":[{\"@type\":\"ListItem\",\"position\":1,\"name\":\"Home\",\"item\":\"https:\/\/pnfgroup.se\/pl\/o-nas-2\/\"},{\"@type\":\"ListItem\",\"position\":2,\"name\":\"Warunki i prywatno\u015b\u0107\"}]},{\"@type\":\"WebSite\",\"@id\":\"https:\/\/pnfgroup.se\/pl\/#website\",\"url\":\"https:\/\/pnfgroup.se\/pl\/\",\"name\":\"PD-Design\",\"description\":\"\",\"publisher\":{\"@id\":\"https:\/\/pnfgroup.se\/pl\/#organization\"},\"potentialAction\":[{\"@type\":\"SearchAction\",\"target\":{\"@type\":\"EntryPoint\",\"urlTemplate\":\"https:\/\/pnfgroup.se\/pl\/?s={search_term_string}\"},\"query-input\":\"required name=search_term_string\"}],\"inLanguage\":\"pl-PL\"},{\"@type\":\"Organization\",\"@id\":\"https:\/\/pnfgroup.se\/pl\/#organization\",\"name\":\"PD-Design\",\"url\":\"https:\/\/pnfgroup.se\/pl\/\",\"logo\":{\"@type\":\"ImageObject\",\"inLanguage\":\"pl-PL\",\"@id\":\"https:\/\/pnfgroup.se\/pl\/#\/schema\/logo\/image\/\",\"url\":\"https:\/\/i0.wp.com\/pd-design.se\/wp-content\/uploads\/2024\/01\/Logotyper-fast-storlekFargad.png?fit=4096%2C2528&ssl=1\",\"contentUrl\":\"https:\/\/i0.wp.com\/pd-design.se\/wp-content\/uploads\/2024\/01\/Logotyper-fast-storlekFargad.png?fit=4096%2C2528&ssl=1\",\"width\":4096,\"height\":2528,\"caption\":\"PD-Design\"},\"image\":{\"@id\":\"https:\/\/pnfgroup.se\/pl\/#\/schema\/logo\/image\/\"},\"sameAs\":[\"https:\/\/www.facebook.com\/profile.php?id=61552417377433\",\"https:\/\/vm.tiktok.com\/ZGehrN7RT\/\",\"https:\/\/www.instagram.com\/pd_design_ab\/\"]}]}<\/script>\n<!-- \/ Yoast SEO plugin. -->","yoast_head_json":{"title":"Warunki i prywatno\u015b\u0107 - PNF GROUP","robots":{"index":"index","follow":"follow","max-snippet":"max-snippet:-1","max-image-preview":"max-image-preview:large","max-video-preview":"max-video-preview:-1"},"canonical":"https:\/\/pnfgroup.se\/pl\/warunki-i-prywatnosc\/","og_locale":"pl_PL","og_type":"article","og_title":"Warunki i prywatno\u015b\u0107 - PNF GROUP","og_description":"PD-Design Warunki zakupu 1. Og\u00f3lne1.1 Niniejsze warunki zakupu maj\u0105 zastosowanie do wszystkich zakup\u00f3w dokonanych na stronie internetowej www.pd-design.com (zwanej dalej &#8222;stron\u0105 internetow\u0105&#8221;) od daty zakupu. 1.2 PD-Design zastrzega sobie prawo do zmiany niniejszych warunk\u00f3w zakupu bez wcze\u015bniejszego powiadomienia. Obowi\u0105zkiem klienta jest regularne sprawdzanie regulaminu pod k\u0105tem wszelkich zmian. 2) Zam\u00f3wienie i umowa2.1 Sk\u0142adaj\u0105c zam\u00f3wienie na [&hellip;]","og_url":"https:\/\/pnfgroup.se\/pl\/warunki-i-prywatnosc\/","og_site_name":"PNF GROUP","article_publisher":"https:\/\/www.facebook.com\/profile.php?id=61552417377433","article_modified_time":"2024-03-14T15:20:49+00:00","twitter_card":"summary_large_image","twitter_misc":{"Szacowany czas czytania":"2 minuty"},"schema":{"@context":"https:\/\/schema.org","@graph":[{"@type":"WebPage","@id":"https:\/\/pnfgroup.se\/pl\/warunki-i-prywatnosc\/","url":"https:\/\/pnfgroup.se\/pl\/warunki-i-prywatnosc\/","name":"Warunki i prywatno\u015b\u0107 - PNF GROUP","isPartOf":{"@id":"https:\/\/pnfgroup.se\/pl\/#website"},"datePublished":"2024-01-11T13:59:18+00:00","dateModified":"2024-03-14T15:20:49+00:00","breadcrumb":{"@id":"https:\/\/pnfgroup.se\/pl\/warunki-i-prywatnosc\/#breadcrumb"},"inLanguage":"pl-PL","potentialAction":[{"@type":"ReadAction","target":["https:\/\/pnfgroup.se\/pl\/warunki-i-prywatnosc\/"]}]},{"@type":"BreadcrumbList","@id":"https:\/\/pnfgroup.se\/pl\/warunki-i-prywatnosc\/#breadcrumb","itemListElement":[{"@type":"ListItem","position":1,"name":"Home","item":"https:\/\/pnfgroup.se\/pl\/o-nas-2\/"},{"@type":"ListItem","position":2,"name":"Warunki i prywatno\u015b\u0107"}]},{"@type":"WebSite","@id":"https:\/\/pnfgroup.se\/pl\/#website","url":"https:\/\/pnfgroup.se\/pl\/","name":"PD-Design","description":"","publisher":{"@id":"https:\/\/pnfgroup.se\/pl\/#organization"},"potentialAction":[{"@type":"SearchAction","target":{"@type":"EntryPoint","urlTemplate":"https:\/\/pnfgroup.se\/pl\/?s={search_term_string}"},"query-input":"required name=search_term_string"}],"inLanguage":"pl-PL"},{"@type":"Organization","@id":"https:\/\/pnfgroup.se\/pl\/#organization","name":"PD-Design","url":"https:\/\/pnfgroup.se\/pl\/","logo":{"@type":"ImageObject","inLanguage":"pl-PL","@id":"https:\/\/pnfgroup.se\/pl\/#\/schema\/logo\/image\/","url":"https:\/\/i0.wp.com\/pd-design.se\/wp-content\/uploads\/2024\/01\/Logotyper-fast-storlekFargad.png?fit=4096%2C2528&ssl=1","contentUrl":"https:\/\/i0.wp.com\/pd-design.se\/wp-content\/uploads\/2024\/01\/Logotyper-fast-storlekFargad.png?fit=4096%2C2528&ssl=1","width":4096,"height":2528,"caption":"PD-Design"},"image":{"@id":"https:\/\/pnfgroup.se\/pl\/#\/schema\/logo\/image\/"},"sameAs":["https:\/\/www.facebook.com\/profile.php?id=61552417377433","https:\/\/vm.tiktok.com\/ZGehrN7RT\/","https:\/\/www.instagram.com\/pd_design_ab\/"]}]}},"_links":{"self":[{"href":"https:\/\/pnfgroup.se\/pl\/wp-json\/wp\/v2\/pages\/497","targetHints":{"allow":["GET"]}}],"collection":[{"href":"https:\/\/pnfgroup.se\/pl\/wp-json\/wp\/v2\/pages"}],"about":[{"href":"https:\/\/pnfgroup.se\/pl\/wp-json\/wp\/v2\/types\/page"}],"author":[{"embeddable":true,"href":"https:\/\/pnfgroup.se\/pl\/wp-json\/wp\/v2\/users\/1"}],"replies":[{"embeddable":true,"href":"https:\/\/pnfgroup.se\/pl\/wp-json\/wp\/v2\/comments?post=497"}],"version-history":[{"count":1,"href":"https:\/\/pnfgroup.se\/pl\/wp-json\/wp\/v2\/pages\/497\/revisions"}],"predecessor-version":[{"id":504,"href":"https:\/\/pnfgroup.se\/pl\/wp-json\/wp\/v2\/pages\/497\/revisions\/504"}],"wp:attachment":[{"href":"https:\/\/pnfgroup.se\/pl\/wp-json\/wp\/v2\/media?parent=497"}],"curies":[{"name":"wp","href":"https:\/\/api.w.org\/{rel}","templated":true}]}}