{"id":553,"date":"2024-01-29T10:27:41","date_gmt":"2024-01-29T10:27:41","guid":{"rendered":"https:\/\/pnfgroup.se\/produkt\/czas-to-pieniadz-niebieski-2\/"},"modified":"2024-03-20T16:35:25","modified_gmt":"2024-03-20T16:35:25","slug":"czas-to-pieniadz-niebieski-2","status":"publish","type":"product","link":"https:\/\/pnfgroup.se\/pl\/produkt\/czas-to-pieniadz-niebieski-2\/","title":{"rendered":"TIME IS MONEY &#8211; niebieska"},"content":{"rendered":"<p>Czapka zaprojektowana w Szwecji oferuje nie tylko doskona\u0142e dopasowanie ale tak\u017ce trwa\u0142y haft kt\u00f3ry uzupe\u0142nia elegancki aksamitny materia\u0142 czapki. Doskona\u0142e po\u0142\u0105czenie stylu i funkcjonalno\u015bci.<\/p>\n","protected":false},"excerpt":{"rendered":"<p>Czapka zaprojektowana w Szwecji oferuje nie tylko doskona\u0142e dopasowanie ale tak\u017ce trwa\u0142y haft kt\u00f3ry uzupe\u0142nia elegancki aksamitny materia\u0142 czapki. Doskona\u0142e po\u0142\u0105czenie stylu i funkcjonalno\u015bci.<\/p>\n","protected":false},"featured_media":458,"comment_status":"open","ping_status":"closed","template":"","meta":[],"product_cat":[43],"product_tag":[],"class_list":{"0":"post-553","1":"product","2":"type-product","3":"status-publish","4":"has-post-thumbnail","6":"product_cat-czapka","8":"first","9":"instock","10":"taxable","11":"shipping-taxable","12":"purchasable","13":"product-type-simple"},"yoast_head":"<!-- This site is optimized with the Yoast SEO plugin v21.8 - https:\/\/yoast.com\/wordpress\/plugins\/seo\/ -->\n<title>TIME IS MONEY - niebieska - PNF GROUP<\/title>\n<meta name=\"robots\" content=\"index, follow, max-snippet:-1, max-image-preview:large, max-video-preview:-1\" \/>\n<link rel=\"canonical\" href=\"https:\/\/pnfgroup.se\/pl\/produkt\/czas-to-pieniadz-niebieski-2\/\" \/>\n<meta property=\"og:locale\" content=\"pl_PL\" \/>\n<meta property=\"og:type\" content=\"article\" \/>\n<meta property=\"og:title\" content=\"TIME IS MONEY - niebieska - PNF GROUP\" \/>\n<meta property=\"og:description\" content=\"Czapka zaprojektowana w Szwecji oferuje nie tylko doskona\u0142e dopasowanie ale tak\u017ce trwa\u0142y haft kt\u00f3ry uzupe\u0142nia elegancki aksamitny materia\u0142 czapki. Doskona\u0142e po\u0142\u0105czenie stylu i funkcjonalno\u015bci.\" \/>\n<meta property=\"og:url\" content=\"https:\/\/pnfgroup.se\/pl\/produkt\/czas-to-pieniadz-niebieski-2\/\" \/>\n<meta property=\"og:site_name\" content=\"PNF GROUP\" \/>\n<meta property=\"article:publisher\" content=\"https:\/\/www.facebook.com\/profile.php?id=61552417377433\" \/>\n<meta property=\"article:modified_time\" content=\"2024-03-20T16:35:25+00:00\" \/>\n<meta property=\"og:image\" content=\"https:\/\/pnfgroup.se\/wp-content\/uploads\/2024\/01\/image4-2.jpeg\" \/>\n\t<meta property=\"og:image:width\" content=\"1909\" \/>\n\t<meta property=\"og:image:height\" content=\"1909\" \/>\n\t<meta property=\"og:image:type\" content=\"image\/jpeg\" \/>\n<meta name=\"twitter:card\" content=\"summary_large_image\" \/>\n<meta name=\"twitter:label1\" content=\"Szacowany czas czytania\" \/>\n\t<meta name=\"twitter:data1\" content=\"1 minuta\" \/>\n<script type=\"application\/ld+json\" class=\"yoast-schema-graph\">{\"@context\":\"https:\/\/schema.org\",\"@graph\":[{\"@type\":\"WebPage\",\"@id\":\"https:\/\/pnfgroup.se\/pl\/produkt\/czas-to-pieniadz-niebieski-2\/\",\"url\":\"https:\/\/pnfgroup.se\/pl\/produkt\/czas-to-pieniadz-niebieski-2\/\",\"name\":\"TIME IS MONEY - niebieska - PNF GROUP\",\"isPartOf\":{\"@id\":\"https:\/\/pnfgroup.se\/pl\/#website\"},\"datePublished\":\"2024-01-29T10:27:41+00:00\",\"dateModified\":\"2024-03-20T16:35:25+00:00\",\"breadcrumb\":{\"@id\":\"https:\/\/pnfgroup.se\/pl\/produkt\/czas-to-pieniadz-niebieski-2\/#breadcrumb\"},\"inLanguage\":\"pl-PL\",\"potentialAction\":[{\"@type\":\"ReadAction\",\"target\":[\"https:\/\/pnfgroup.se\/pl\/produkt\/czas-to-pieniadz-niebieski-2\/\"]}]},{\"@type\":\"BreadcrumbList\",\"@id\":\"https:\/\/pnfgroup.se\/pl\/produkt\/czas-to-pieniadz-niebieski-2\/#breadcrumb\",\"itemListElement\":[{\"@type\":\"ListItem\",\"position\":1,\"name\":\"Home\",\"item\":\"https:\/\/pnfgroup.se\/pl\/o-nas-2\/\"},{\"@type\":\"ListItem\",\"position\":2,\"name\":\"Sklep\",\"item\":\"https:\/\/pnfgroup.se\/pl\/sklep\/\"},{\"@type\":\"ListItem\",\"position\":3,\"name\":\"TIME IS MONEY &#8211; niebieska\"}]},{\"@type\":\"WebSite\",\"@id\":\"https:\/\/pnfgroup.se\/pl\/#website\",\"url\":\"https:\/\/pnfgroup.se\/pl\/\",\"name\":\"PD-Design\",\"description\":\"\",\"publisher\":{\"@id\":\"https:\/\/pnfgroup.se\/pl\/#organization\"},\"potentialAction\":[{\"@type\":\"SearchAction\",\"target\":{\"@type\":\"EntryPoint\",\"urlTemplate\":\"https:\/\/pnfgroup.se\/pl\/?s={search_term_string}\"},\"query-input\":\"required name=search_term_string\"}],\"inLanguage\":\"pl-PL\"},{\"@type\":\"Organization\",\"@id\":\"https:\/\/pnfgroup.se\/pl\/#organization\",\"name\":\"PD-Design\",\"url\":\"https:\/\/pnfgroup.se\/pl\/\",\"logo\":{\"@type\":\"ImageObject\",\"inLanguage\":\"pl-PL\",\"@id\":\"https:\/\/pnfgroup.se\/pl\/#\/schema\/logo\/image\/\",\"url\":\"https:\/\/i0.wp.com\/pd-design.se\/wp-content\/uploads\/2024\/01\/Logotyper-fast-storlekFargad.png?fit=4096%2C2528&ssl=1\",\"contentUrl\":\"https:\/\/i0.wp.com\/pd-design.se\/wp-content\/uploads\/2024\/01\/Logotyper-fast-storlekFargad.png?fit=4096%2C2528&ssl=1\",\"width\":4096,\"height\":2528,\"caption\":\"PD-Design\"},\"image\":{\"@id\":\"https:\/\/pnfgroup.se\/pl\/#\/schema\/logo\/image\/\"},\"sameAs\":[\"https:\/\/www.facebook.com\/profile.php?id=61552417377433\",\"https:\/\/vm.tiktok.com\/ZGehrN7RT\/\",\"https:\/\/www.instagram.com\/pd_design_ab\/\"]}]}<\/script>\n<!-- \/ Yoast SEO plugin. -->","yoast_head_json":{"title":"TIME IS MONEY - niebieska - PNF GROUP","robots":{"index":"index","follow":"follow","max-snippet":"max-snippet:-1","max-image-preview":"max-image-preview:large","max-video-preview":"max-video-preview:-1"},"canonical":"https:\/\/pnfgroup.se\/pl\/produkt\/czas-to-pieniadz-niebieski-2\/","og_locale":"pl_PL","og_type":"article","og_title":"TIME IS MONEY - niebieska - PNF GROUP","og_description":"Czapka zaprojektowana w Szwecji oferuje nie tylko doskona\u0142e dopasowanie ale tak\u017ce trwa\u0142y haft kt\u00f3ry uzupe\u0142nia elegancki aksamitny materia\u0142 czapki. Doskona\u0142e po\u0142\u0105czenie stylu i funkcjonalno\u015bci.","og_url":"https:\/\/pnfgroup.se\/pl\/produkt\/czas-to-pieniadz-niebieski-2\/","og_site_name":"PNF GROUP","article_publisher":"https:\/\/www.facebook.com\/profile.php?id=61552417377433","article_modified_time":"2024-03-20T16:35:25+00:00","og_image":[{"width":1909,"height":1909,"url":"https:\/\/pnfgroup.se\/wp-content\/uploads\/2024\/01\/image4-2.jpeg","type":"image\/jpeg"}],"twitter_card":"summary_large_image","twitter_misc":{"Szacowany czas czytania":"1 minuta"},"schema":{"@context":"https:\/\/schema.org","@graph":[{"@type":"WebPage","@id":"https:\/\/pnfgroup.se\/pl\/produkt\/czas-to-pieniadz-niebieski-2\/","url":"https:\/\/pnfgroup.se\/pl\/produkt\/czas-to-pieniadz-niebieski-2\/","name":"TIME IS MONEY - niebieska - PNF GROUP","isPartOf":{"@id":"https:\/\/pnfgroup.se\/pl\/#website"},"datePublished":"2024-01-29T10:27:41+00:00","dateModified":"2024-03-20T16:35:25+00:00","breadcrumb":{"@id":"https:\/\/pnfgroup.se\/pl\/produkt\/czas-to-pieniadz-niebieski-2\/#breadcrumb"},"inLanguage":"pl-PL","potentialAction":[{"@type":"ReadAction","target":["https:\/\/pnfgroup.se\/pl\/produkt\/czas-to-pieniadz-niebieski-2\/"]}]},{"@type":"BreadcrumbList","@id":"https:\/\/pnfgroup.se\/pl\/produkt\/czas-to-pieniadz-niebieski-2\/#breadcrumb","itemListElement":[{"@type":"ListItem","position":1,"name":"Home","item":"https:\/\/pnfgroup.se\/pl\/o-nas-2\/"},{"@type":"ListItem","position":2,"name":"Sklep","item":"https:\/\/pnfgroup.se\/pl\/sklep\/"},{"@type":"ListItem","position":3,"name":"TIME IS MONEY &#8211; niebieska"}]},{"@type":"WebSite","@id":"https:\/\/pnfgroup.se\/pl\/#website","url":"https:\/\/pnfgroup.se\/pl\/","name":"PD-Design","description":"","publisher":{"@id":"https:\/\/pnfgroup.se\/pl\/#organization"},"potentialAction":[{"@type":"SearchAction","target":{"@type":"EntryPoint","urlTemplate":"https:\/\/pnfgroup.se\/pl\/?s={search_term_string}"},"query-input":"required name=search_term_string"}],"inLanguage":"pl-PL"},{"@type":"Organization","@id":"https:\/\/pnfgroup.se\/pl\/#organization","name":"PD-Design","url":"https:\/\/pnfgroup.se\/pl\/","logo":{"@type":"ImageObject","inLanguage":"pl-PL","@id":"https:\/\/pnfgroup.se\/pl\/#\/schema\/logo\/image\/","url":"https:\/\/i0.wp.com\/pd-design.se\/wp-content\/uploads\/2024\/01\/Logotyper-fast-storlekFargad.png?fit=4096%2C2528&ssl=1","contentUrl":"https:\/\/i0.wp.com\/pd-design.se\/wp-content\/uploads\/2024\/01\/Logotyper-fast-storlekFargad.png?fit=4096%2C2528&ssl=1","width":4096,"height":2528,"caption":"PD-Design"},"image":{"@id":"https:\/\/pnfgroup.se\/pl\/#\/schema\/logo\/image\/"},"sameAs":["https:\/\/www.facebook.com\/profile.php?id=61552417377433","https:\/\/vm.tiktok.com\/ZGehrN7RT\/","https:\/\/www.instagram.com\/pd_design_ab\/"]}]}},"_links":{"self":[{"href":"https:\/\/pnfgroup.se\/pl\/wp-json\/wp\/v2\/product\/553","targetHints":{"allow":["GET"]}}],"collection":[{"href":"https:\/\/pnfgroup.se\/pl\/wp-json\/wp\/v2\/product"}],"about":[{"href":"https:\/\/pnfgroup.se\/pl\/wp-json\/wp\/v2\/types\/product"}],"replies":[{"embeddable":true,"href":"https:\/\/pnfgroup.se\/pl\/wp-json\/wp\/v2\/comments?post=553"}],"wp:featuredmedia":[{"embeddable":true,"href":"https:\/\/pnfgroup.se\/pl\/wp-json\/wp\/v2\/media\/458"}],"wp:attachment":[{"href":"https:\/\/pnfgroup.se\/pl\/wp-json\/wp\/v2\/media?parent=553"}],"wp:term":[{"taxonomy":"product_cat","embeddable":true,"href":"https:\/\/pnfgroup.se\/pl\/wp-json\/wp\/v2\/product_cat?post=553"},{"taxonomy":"product_tag","embeddable":true,"href":"https:\/\/pnfgroup.se\/pl\/wp-json\/wp\/v2\/product_tag?post=553"}],"curies":[{"name":"wp","href":"https:\/\/api.w.org\/{rel}","templated":true}]}}